{"id":1009,"date":"2021-08-24T16:24:29","date_gmt":"2021-08-24T19:24:29","guid":{"rendered":"https:\/\/autsistemas.com.br\/?page_id=1009"},"modified":"2022-10-18T12:19:08","modified_gmt":"2022-10-18T15:19:08","slug":"solucoes-completas","status":"publish","type":"page","link":"https:\/\/autsistemas.com.br\/solucoes-completas\/","title":{"rendered":"Solu\u00e7\u00f5es Completas"},"content":{"rendered":"<p>[vc_row wrap_container=&#8221;yes&#8221; el_class=&#8221;py-4 my-5&#8243;][vc_column][vc_custom_heading text=&#8221;GM &#8211; Usinagem de Cabe\u00e7otes&#8221; font_container=&#8221;tag:h2|text_align:left|color:%23174a98&#8243; use_theme_fonts=&#8221;yes&#8221;][vc_separator color=&#8221;custom&#8221; align=&#8221;align_left&#8221; border_width=&#8221;4&#8243; el_width=&#8221;10&#8243; style=&#8221;solid&#8221; accent_color=&#8221;#174a98&#8243;]<div class=\"porto-sicon-box style_1 top-icon\"><div class=\"porto-sicon-top\"><div id=\"porto-icon-49232776869fb3157a68a1\" class=\"porto-just-icon-wrapper\" style=\"text-align:center;\"><div class=\"porto-sicon-img \" style=\"display:inline-block;font-size: 1166px;\"><img class=\"img-icon\" alt=\"\" src=\"https:\/\/autsistemas.com.br\/wp-content\/uploads\/2021\/08\/Celulas-robotizadas_horizon-1.jpg\" width=\"1111\" height=\"624\" \/><\/div><\/div><\/div><\/div><!-- porto-sicon-box -->[vc_custom_heading text=&#8221;Desenvolvimento de solu\u00e7\u00e3o para uma aplica\u00e7\u00e3o complexa, com demanda de alta precis\u00e3o e cruciais na usinagem do cabe\u00e7ote. O projeto provido de celula robotizada com rob\u00f4s FANUC para manipula\u00e7\u00e3o, dispositivos, programa\u00e7\u00e3o CNC, retrofitting das m\u00e1quinas Specht, scanner de \u00e1rea e todas as adequa\u00e7\u00f5es para NR12.<br \/>\nEsse processo consistiu no desenvolvimento de todo o plano de ferramentas, dispositivos e novos programas CNC em cada m\u00e1quina, com configura\u00e7\u00e3o completa testada e tryout realizados nas instala\u00e7\u00f5es da Aut Sistemas.<br \/>\nA GM do Brasil, disponibilizou as m\u00e1quinas e rob\u00f4s, a Aut Sistemas foi respons\u00e1vel por toda a integra\u00e7\u00e3o, inclusive o processo de aprova\u00e7\u00e3o da qualidade de CM &amp; CMK.<br \/>\nAs etapas deste processo de usinagem demandam de profundo conhecimento de produto e processos envolvidos, respectivamente, programa\u00e7\u00e3o CNC dos centros de usinagem, programa\u00e7\u00e3o dos rob\u00f4s com suas respectivas simula\u00e7\u00f5es para alcance do TACTO objetivo, sendo que existia uma forte demanda para uma c\u00e9lula\/solu\u00e7\u00e3o de alta produ\u00e7\u00e3o com tempo ciclo cr\u00edtico.&#8221; font_container=&#8221;tag:h2|font_size:16.8px|text_align:justify|color:%23777777|line_height:26px&#8221; use_theme_fonts=&#8221;yes&#8221; font_weight=&#8221;300&#8243; letter_spacing=&#8221;0&#8243; animation_delay=&#8221;300&#8243; animation_type=&#8221;fadeInUp&#8221; el_class=&#8221;mb-4&#8243;][\/vc_column][\/vc_row][vc_row wrap_container=&#8221;yes&#8221; el_class=&#8221;py-4 my-5&#8243;][vc_column][vc_row_inner el_class=&#8221;custom-service-gallery m-b-sm pb-2&#8243;][vc_column_inner width=&#8221;1\/3&#8243;]<div class=\"porto-sicon-box style_2 top-icon\"><div class=\"porto-sicon-top\"><div id=\"porto-icon-82141095969fb3157a7575\" class=\"porto-just-icon-wrapper\" style=\"text-align:center;margin-bottom:6px;\"><div class=\"porto-sicon-img \" style=\"display:inline-block;font-size: 267.5px;\"><img class=\"img-icon\" alt=\"\" src=\"https:\/\/autsistemas.com.br\/wp-content\/uploads\/2021\/08\/celula-1-1.png\" width=\"433\" height=\"341\" \/><\/div><\/div><\/div><\/div><!-- porto-sicon-box -->[\/vc_column_inner][vc_column_inner width=&#8221;1\/3&#8243;]<div class=\"porto-sicon-box style_2 top-icon\"><div class=\"porto-sicon-top\"><div id=\"porto-icon-167348631569fb3157a7fbf\" class=\"porto-just-icon-wrapper\" style=\"text-align:center;margin-bottom:6px;\"><div class=\"porto-sicon-img \" style=\"display:inline-block;font-size: 267.5px;\"><img class=\"img-icon\" alt=\"\" src=\"https:\/\/autsistemas.com.br\/wp-content\/uploads\/2021\/08\/celula4.jpg\" width=\"401\" height=\"278\" \/><\/div><\/div><\/div><\/div><!-- porto-sicon-box -->[\/vc_column_inner][vc_column_inner width=&#8221;1\/3&#8243;]<div class=\"porto-sicon-box style_2 top-icon\"><div class=\"porto-sicon-top\"><div id=\"porto-icon-114122522569fb3157a8afb\" class=\"porto-just-icon-wrapper\" style=\"text-align:center;margin-bottom:6px;\"><div class=\"porto-sicon-img \" style=\"display:inline-block;font-size: 267.5px;\"><img class=\"img-icon\" alt=\"\" src=\"https:\/\/autsistemas.com.br\/wp-content\/uploads\/2021\/08\/Imagem2.png\" width=\"703\" height=\"496\" \/><\/div><\/div><\/div><\/div><!-- porto-sicon-box -->[\/vc_column_inner][\/vc_row_inner][\/vc_column][\/vc_row][vc_row full_width=&#8221;stretch_row_content_no_spaces&#8221; content_placement=&#8221;middle&#8221; wrap_container=&#8221;yes&#8221; el_class=&#8221;bg-primary&#8221; css=&#8221;.vc_custom_1618342674070{margin-bottom: -72px !important;padding-top: 4.6153846154rem !important;padding-bottom: 4.6153846154rem !important;background-color: #f2f2f2 !important;}&#8221;][vc_column el_class=&#8221;text-center text-lg-left mb-4 mb-lg-0&#8243; offset=&#8221;vc_col-lg-7 vc_col-md-6&#8243;][vc_custom_heading text=&#8221;Nosso conhecimento e experi\u00eancia a favor do seu crescimento.&#8221; font_container=&#8221;tag:h3|font_size:15.4px|text_align:left|color:%23174a98|line_height:1&#8243; use_theme_fonts=&#8221;yes&#8221; font_weight=&#8221;500&#8243; el_class=&#8221;ls-0 mb-2 mb-lg-2 text-center text-lg-left&#8221;][vc_custom_heading text=&#8221;Vamos tornar seu neg\u00f3cio mais competitivo?&#8221; font_container=&#8221;tag:h3|font_size:32.2px|text_align:left|color:%23174a98|line_height:1&#8243; use_theme_fonts=&#8221;yes&#8221; font_weight=&#8221;700&#8243; letter_spacing=&#8221;-1.61px&#8221; el_class=&#8221;mb-1 text-center text-lg-left&#8221;][vc_custom_heading text=&#8221;Alta tecnologia e infraestrutura t\u00e9cnica a um custo acess\u00edvel.&#8221; font_container=&#8221;tag:p|font_size:16.8px|text_align:left|color:%23174a98|line_height:26px&#8221; use_theme_fonts=&#8221;yes&#8221; font_weight=&#8221;700&#8243; el_class=&#8221;mb-0 text-center text-lg-left&#8221;][\/vc_column][vc_column el_class=&#8221;custom-flex&#8221; offset=&#8221;vc_col-lg-5 vc_col-md-6&#8243;][vc_row_inner][vc_column_inner width=&#8221;1\/2&#8243;][\/vc_column_inner][vc_column_inner width=&#8221;1\/2&#8243;][vc_btn title=&#8221;Fale Conosco \/ Ouvidoria&#8221; style=&#8221;custom&#8221; custom_text=&#8221;#174a98&#8243; shape=&#8221;rounded&#8221; align=&#8221;left&#8221; skin=&#8221;primary&#8221; btn_fs=&#8221;0.8rem&#8221; btn_fw=&#8221;700&#8243; btn_ls=&#8221;0&#8243; el_cls=&#8221;btn-borders&#8221; animation_delay=&#8221;1500&#8243; link=&#8221;url:http%3A%2F%2Fautsistemas.com.br%2Fcontact%2F|title:Fale%20com%20a%20AutSistemas&#8221; btn_px=&#8221;2.4rem&#8221; btn_py=&#8221;1.282rem&#8221; el_class=&#8221;mb-0&#8243; css=&#8221;.vc_custom_1666106331351{border-radius: 2px !important;}&#8221;][\/vc_column_inner][\/vc_row_inner][\/vc_column][\/vc_row][vc_row full_width=&#8221;stretch_row&#8221; remove_margin_top=&#8221;yes&#8221; remove_margin_bottom=&#8221;yes&#8221; remove_padding_top=&#8221;yes&#8221; remove_padding_bottom=&#8221;yes&#8221; remove_border=&#8221;yes&#8221; css=&#8221;.vc_custom_1626809475412{margin-top: 40px !important;margin-bottom: -100px !important;padding-right: 0px !important;padding-left: 0px !important;}&#8221;][vc_column remove_margin_top=&#8221;yes&#8221; remove_margin_bottom=&#8221;yes&#8221; remove_padding_top=&#8221;yes&#8221; remove_padding_bottom=&#8221;yes&#8221; remove_border=&#8221;yes&#8221;]<div class=\"porto-block\"><style>.vc_custom_1616793483552{background-color: #174a98 !important;}.vc_custom_1616797749299{border-bottom-width: 1px !important;border-bottom-color: rgba(255,255,255,0.2) !important;}#topcontrol {\r\n       margin-bottom: 30px;\r\n       border-radius: 50%;\r\n       margin-right: 15px;\r\n}\r\n.brand-grid .vc_column_container:nth-child(1) img {  max-width: 147px; }\r\n.brand-grid .vc_column_container:nth-child(2) img,.brand-grid .vc_column_container:nth-child(3) img,.brand-grid .vc_column_container:nth-child(4) img {max-width: 140px }\r\n.brand-grid .vc_column_container:nth-child(5) img { max-width: 100px }\r\n.brand-grid .vc_column_container:nth-child(6) img { max-width: 110px }\r\n.brand-grid .vc_single_image-wrapper { display: flex; align-items: center; justify-content: center }\r\n#footer li { margin-bottom: 0 !important; line-height:24px; color: #4781dd; }\r\n.custom-footer-call p, #footer .custom-footer-about a { color: #fff !important; }\r\n.porto-sicon-box-link:hover .custom-footer-call p, #footer .custom-footer-about a:hover { color: #e6e5e5 !important; }\r\n.custom-list-style-1 > li:first-child { padding-top: 0; }\r\n.custom-list-style-1 > li + li { border-top: 1px solid #4781dd; }\r\n.custom-list-style-1 > li { margin-bottom: 0; padding-top: 10px; padding-bottom: 10px; }\r\n.line-height-3 { line-height: 1.3 !important; }\r\n.custom-text-underline-2 { border-bottom: 1px solid rgba(255, 255, 255, 0.7); }\r\n#footer .share-links a { font-size: 14.4px; width: 38px; height: 38px; border-radius: 50%; }\r\n.custom-svg-3 { display: none; position: absolute; right: 0; }\r\n\r\n.isotope-item img{\r\n     margin-right: 15px;\r\n}\r\n@media (min-width: 576px) {\r\n    .custom-svg-3 { display: block; bottom: -150px; width: 80px; } \r\n}\r\n@media (min-width: 1440px) {\r\n    .custom-svg-3 { bottom: -222px; width: 150px; } \r\n}\r\n@media (max-width: 991px) {\r\n   #footer .porto-sicon-box { flex-direction: column; }\r\n   #footer .porto-sicon-header { text-align: center; }\r\n   #footer .porto-sicon-title { margin-top: 1rem; }\r\n   #footer .porto-sicon-box .porto-icon { margin-right: 0 !important; }\r\n}\r\n@media (max-width: 767px) {\r\n    #footer .share-links { text-align: center; }\r\n}<\/style>[vc_row css=\".vc_custom_1616793483552{background-color: #174a98 !important;}\" el_class=\"pb-5\"][vc_column][vc_row_inner content_placement=\"middle\" wrap_container=\"yes\" css=\".vc_custom_1616797749299{border-bottom-width: 1px !important;border-bottom-color: rgba(255,255,255,0.2) !important;}\" el_class=\"pt-5 p-b-xlg\"][vc_column_inner el_class=\"py-3\" width=\"2\/3\"]<div class=\"porto-sicon-box mb-0 style_1 default-icon\"><div class=\"porto-sicon-default\"><div id=\"porto-icon-106812090469fb3157a9bcb\" class=\"porto-just-icon-wrapper\" style=\"text-align:center;\"><div class=\"porto-icon none\" style=\"color:#ffffff;font-size:45px;display:inline-block;margin-right:7px;\"><i class=\"Simple-Line-Icons-location-pin\"><\/i><\/div><\/div><\/div><div class=\"porto-sicon-header\"><h3 class=\"porto-sicon-title\" style=\"font-weight:700;font-size:18.9px;line-height:1;letter-spacing:0px;color:#ffffff;margin-bottom:8px;\">Av. Robert Kennedy, 1602<\/h3><p style=\"font-weight:700;font-size:15.12px;line-height:1.4;color:#ffffff;\">S\u00e3o Bernardo do Campo, Cep: 09860-122<\/p><\/div> <!-- header --><\/div><!-- porto-sicon-box -->[\/vc_column_inner][vc_column_inner el_class=\"py-3\" width=\"1\/3\"]<a class=\"porto-sicon-box-link\" href=\"tel:1234567890\"><div class=\"porto-sicon-box custom-footer-call mb-2 style_1 left-icon\"><div class=\"porto-sicon-left\"><div id=\"porto-icon-54297177969fb3157aa0e1\" class=\"porto-just-icon-wrapper\" style=\"text-align:center;\"><div class=\"porto-icon none\" style=\"color:#ffffff;font-size:40px;display:inline-block;margin-right:12px;\"><i class=\"Simple-Line-Icons-phone\"><\/i><\/div><\/div><\/div><div class=\"porto-sicon-body\"><div class=\"porto-sicon-header\"><p style=\"font-weight:700;font-size:15.12px;line-height:1.4;color:#ffffff;\">Ligue pra gente: (11) 4942-0500<\/p><\/div> <!-- header --><\/div><\/div><!-- porto-sicon-box --><\/a>[\/vc_column_inner][\/vc_row_inner][vc_row_inner][vc_column_inner][vc_separator color=\"white\" el_width=\"80\" style=\"solid\"][\/vc_column_inner][\/vc_row_inner][vc_row_inner content_placement=\"top\" wrap_container=\"yes\" el_class=\"py-4 my-5\"][vc_column_inner width=\"1\/3\" offset=\"vc_col-md-4\"][vc_custom_heading text=\"Sobre N\u00f3s\" font_container=\"tag:h2|font_size:17.01px|text_align:left|color:%23ffffff|line_height:18px\" use_theme_fonts=\"yes\" font_weight=\"700\" letter_spacing=\"-0.8505px\" el_class=\"mb-4 text-center text-md-left\"]<div class=\"porto-u-heading custom-footer-about pb-1 mb-2 text-center text-md-left\" data-hspacer=\"no_spacer\" data-halign=\"left\" style=\"text-align:left\"><div class=\"porto-u-main-heading\"><h2 style=\"font-weight:700;color:#ffffff;font-size:13.86px;line-height:1;letter-spacing:0px;\">Endere\u00e7o:<\/h2><\/div><div class=\"porto-u-sub-heading\" style=\"font-weight:700;color: #ffffff;font-size:17px;line-height:24px;letter-spacing:0px;\"><a style=\"color: #ffffff;\" href=\"https:\/\/goo.gl\/maps\/9s8Ysm2UKrdY657t7\" target=\"_blank\" rel=\"noopener\">Obter dire\u00e7\u00f5es<\/a><\/div><\/div><div class=\"porto-u-heading custom-footer-about text-center text-md-left\" data-hspacer=\"no_spacer\" data-halign=\"left\" style=\"text-align:left\"><div class=\"porto-u-main-heading\"><h2 style=\"font-weight:700;color:#ffffff;font-size:13.86px;line-height:1;letter-spacing:0px;\">Email:<\/h2><\/div><div class=\"porto-u-sub-heading\" style=\"font-weight:300;color: #ffffff;font-size:17px;line-height:24px;letter-spacing:0px;\"><a style=\"color: #ffffff;\" href=\"mailto:autsistemas@autsistemas.com.br\">autsistemas@autsistemas.com.br<\/a><\/div><\/div>[\/vc_column_inner][vc_column_inner width=\"1\/3\"]<div class=\"porto-u-heading mb-0 text-center text-md-left\" data-hspacer=\"no_spacer\" data-halign=\"left\" style=\"text-align:left\"><div class=\"porto-u-main-heading\"><h2 style=\"font-weight:700;color:#ffffff;margin-bottom: 24px;font-size:17.01px;line-height:18px;letter-spacing:-0.8505px;\">Autsistemas<\/h2><\/div><div class=\"porto-u-sub-heading\" style=\"font-weight:400;color: #4781dd;font-size:17px;line-height:30px;letter-spacing:-0.8505px;\">\r\n<ul class=\"list list-unstyled list-inline mb-0\">\r\n \t<li class=\"pb-2\"><a style=\"color: #4781dd;\" href=\"http:\/\/autsistemas.com.br\/services\/linha-de-montagem\/\">Linha de montagem<\/a><\/li>\r\n \t<li class=\"pb-2\"><a style=\"color: #4781dd;\" href=\"http:\/\/autsistemas.com.br\/services\/retrofitting\/\">Retrofitting<\/a><\/li>\r\n \t<li class=\"pb-2\"><a style=\"color: #4781dd;\" href=\"http:\/\/autsistemas.com.br\/services\/retooling\/\">Retooling<\/a><\/li>\r\n \t<li class=\"pb-2\"><a style=\"color: #4781dd;\" href=\"http:\/\/autsistemas.com.br\/services\/maquinas-especiais\/\">M\u00e1quinas Especiais<\/a><\/li>\r\n \t<li class=\"pb-2\"><a style=\"color: #4781dd;\" href=\"http:\/\/autsistemas.com.br\/services\/celulas-robotizadas\/\">C\u00e9lulas robotizadas<\/a><\/li>\r\n<\/ul>\r\n<\/div><\/div>[\/vc_column_inner][vc_column_inner width=\"1\/3\"]<div class=\"porto-u-heading mb-0 text-center text-md-left\" data-hspacer=\"no_spacer\" data-halign=\"left\" style=\"text-align:left\"><div class=\"porto-u-main-heading\"><h2 style=\"font-weight:700;color:#ffffff;margin-bottom: 24px;font-size:17.01px;line-height:18px;letter-spacing:-0.8505px;\">Hor\u00e1rio de funcionamento<\/h2><\/div><div class=\"porto-u-sub-heading\" style=\"color: #4781dd;font-size:17px;\">\r\n<ul class=\"list list-unstyled list-inline custom-list-style-1 mb-0\">\r\n \t<li>Segunda-Sexta: 8h as 18h<\/li>\r\n \t<li>S\u00e1bado: 8h as 13h<\/li>\r\n \t<li>Domingo: Fechado<\/li>\r\n<\/ul>\r\n<\/div><\/div>[\/vc_column_inner][\/vc_row_inner][vc_custom_heading text=\"Copyright \u00a9 2021 Autsistemas. All Rights Reserved.\" font_container=\"tag:h2|font_size:12.6px|text_align:center|color:%23ffffff|line_height:26px\" use_theme_fonts=\"yes\" font_weight=\"400\" letter_spacing=\"0\" el_class=\"mb-0 py-2\"][\/vc_column][\/vc_row]<\/div>[\/vc_column][\/vc_row]<\/p>\n","protected":false},"excerpt":{"rendered":"<p>[vc_row wrap_container=&#8221;yes&#8221; el_class=&#8221;py-4 my-5&#8243;][vc_column][vc_custom_heading text=&#8221;GM &#8211; Usinagem de Cabe\u00e7otes&#8221; font_container=&#8221;tag:h2|text_align:left|color:%23174a98&#8243; use_theme_fonts=&#8221;yes&#8221;][vc_separator color=&#8221;custom&#8221; align=&#8221;align_left&#8221; border_width=&#8221;4&#8243; el_width=&#8221;10&#8243; style=&#8221;solid&#8221; accent_color=&#8221;#174a98&#8243;][vc_custom_heading text=&#8221;Desenvolvimento de solu\u00e7\u00e3o para uma aplica\u00e7\u00e3o complexa, com demanda de alta precis\u00e3o e cruciais na usinagem do cabe\u00e7ote. O projeto provido de celula robotizada com rob\u00f4s FANUC para manipula\u00e7\u00e3o, dispositivos, programa\u00e7\u00e3o CNC, retrofitting das m\u00e1quinas Specht, scanner de [&hellip;]<\/p>\n","protected":false},"author":1,"featured_media":0,"parent":0,"menu_order":0,"comment_status":"closed","ping_status":"closed","template":"","meta":[],"_links":{"self":[{"href":"https:\/\/autsistemas.com.br\/wp-json\/wp\/v2\/pages\/1009"}],"collection":[{"href":"https:\/\/autsistemas.com.br\/wp-json\/wp\/v2\/pages"}],"about":[{"href":"https:\/\/autsistemas.com.br\/wp-json\/wp\/v2\/types\/page"}],"author":[{"embeddable":true,"href":"https:\/\/autsistemas.com.br\/wp-json\/wp\/v2\/users\/1"}],"replies":[{"embeddable":true,"href":"https:\/\/autsistemas.com.br\/wp-json\/wp\/v2\/comments?post=1009"}],"version-history":[{"count":6,"href":"https:\/\/autsistemas.com.br\/wp-json\/wp\/v2\/pages\/1009\/revisions"}],"predecessor-version":[{"id":10141,"href":"https:\/\/autsistemas.com.br\/wp-json\/wp\/v2\/pages\/1009\/revisions\/10141"}],"wp:attachment":[{"href":"https:\/\/autsistemas.com.br\/wp-json\/wp\/v2\/media?parent=1009"}],"curies":[{"name":"wp","href":"https:\/\/api.w.org\/{rel}","templated":true}]}}